{"id":4261,"date":"2020-12-20T08:47:53","date_gmt":"2020-12-20T08:47:53","guid":{"rendered":"https:\/\/gctarquitectes.com\/?page_id=4261"},"modified":"2021-02-08T16:45:53","modified_gmt":"2021-02-08T16:45:53","slug":"serveis","status":"publish","type":"page","link":"https:\/\/gctarquitectes.com\/fr\/serveis\/","title":{"rendered":"SERVICES"},"content":{"rendered":"<div  class=\"tatsu-WlQ7ECaY8 tatsu-section  tatsu-bg-overlay   tatsu-clearfix\" data-title=\"\"  data-headerscheme=\"background--dark\"><div class='tatsu-section-pad clearfix' data-padding='{\"d\":\"0px 0px 300px 0px\"}' data-padding-top='0px'><div class=\"tatsu-row-wrap  tatsu-wrap tatsu-row-one-col tatsu-row-has-one-cols tatsu-medium-gutter tatsu-reg-cols  tatsu-clearfix tatsu-sri6eHXltI\" ><div  class=\"tatsu-row \" ><div  class=\"tatsu-column  tatsu-bg-overlay tatsu-column-empty tatsu-one-col tatsu-column-image-none tatsu-column-effect-none  tatsu-62RIoUn8zd\"  data-parallax-speed=\"0\" style=\"\"><div class=\"tatsu-column-inner \" ><div class=\"tatsu-column-pad-wrap\"><div class=\"tatsu-column-pad\" ><\/div><\/div><div class = \"tatsu-column-bg-image-wrap\"><div class = \"tatsu-column-bg-image\" ><\/div><\/div><div class=\"tatsu-overlay tatsu-column-overlay tatsu-animate-none\" ><\/div><\/div><style>.tatsu-row > .tatsu-62RIoUn8zd.tatsu-column{width: 100%;}.tatsu-62RIoUn8zd.tatsu-column > .tatsu-column-inner > .tatsu-column-overlay{mix-blend-mode: normal;}.tatsu-62RIoUn8zd > .tatsu-column-inner > .tatsu-top-divider{z-index: 9999;}.tatsu-62RIoUn8zd > .tatsu-column-inner > .tatsu-bottom-divider{z-index: 9999;}.tatsu-62RIoUn8zd > .tatsu-column-inner > .tatsu-left-divider{z-index: 9999;}.tatsu-62RIoUn8zd > .tatsu-column-inner > .tatsu-right-divider{z-index: 9999;}@media only screen and (max-width:1377px) {.tatsu-row > .tatsu-62RIoUn8zd.tatsu-column{width: 100%;}}@media only screen and (min-width:768px) and (max-width: 1024px) {.tatsu-row > .tatsu-62RIoUn8zd.tatsu-column{width: 100%;}}@media only screen and (max-width: 767px) {.tatsu-row > .tatsu-62RIoUn8zd.tatsu-column{width: 100%;}}<\/style><\/div><\/div><\/div><\/div><div class=\"tatsu-section-background-wrap\"><div class = \"tatsu-section-background\" ><\/div><\/div><div class=\"tatsu-overlay tatsu-section-overlay\"><\/div><style>.tatsu-WlQ7ECaY8 .tatsu-section-background{background-image: url(https:\/\/gctarquitectes.com\/wp-content\/uploads\/2021\/02\/serveis.jpg);background-repeat: no-repeat;background-attachment: scroll;background-position: center center;background-size: cover;}.tatsu-WlQ7ECaY8 .tatsu-bg-blur{background-repeat: no-repeat;background-attachment: scroll;background-position: center center;background-size: cover;}.tatsu-WlQ7ECaY8 .tatsu-section-pad{padding: 0px 0px 300px 0px;}.tatsu-WlQ7ECaY8 .tatsu-section-offset-wrap{transform: translateY(-0px);}.tatsu-WlQ7ECaY8 > .tatsu-bottom-divider{z-index: 9999;}.tatsu-WlQ7ECaY8 > .tatsu-top-divider{z-index: 9999;}.tatsu-WlQ7ECaY8 .tatsu-section-overlay{mix-blend-mode: normal;}<\/style><\/div><div  class=\"tatsu-e_R3qkB8MA tatsu-section  tatsu-bg-overlay   tatsu-clearfix\" data-title=\"\"  data-headerscheme=\"background--dark\"><div class='tatsu-section-pad clearfix' data-padding='{\"d\":\"65px 0px 90px 0px\"}' data-padding-top='65px'><div class=\"tatsu-row-wrap  tatsu-wrap tatsu-row-has-three-cols tatsu-medium-gutter tatsu-reg-cols  tatsu-clearfix tatsu-GrRSG2YVLW\" ><div  class=\"tatsu-row \" ><div  class=\"tatsu-column  tatsu-bg-overlay tatsu-one-third tatsu-column-image-none tatsu-column-effect-none  tatsu-KLBdOJo6c\"  data-parallax-speed=\"0\" style=\"\"><div class=\"tatsu-column-inner \" ><div class=\"tatsu-column-pad-wrap\"><div class=\"tatsu-column-pad\" ><div  class=\"tatsu-module tatsu-normal-icon tatsu-icon-shortcode align-center tatsu-OK93E1Lfd   \"><style>.tatsu-OK93E1Lfd .tatsu-icon{background-color: rgba(65,117,5,1);color: #ffffff ;}.tatsu-OK93E1Lfd{border-width: 0px 0px 0px 0px;}<\/style><a href=\"#\"  class=\"tatsu-icon-wrap circle  tatsu-animate    \" data-animation=\"fadeIn\"   aria-label=\"tatsu-icon-grid2\" data-gdpr-atts={}   ><i class=\"tatsu-icon tatsu-custom-icon tatsu-custom-icon-class tatsu-icon-grid2 xlarge circle\"  data-animation=\"fadeIn\" data-animation-delay=\"0\"><\/i><\/a><\/div><div  class=\"tatsu-module tatsu-text-block-wrap tatsu-kGBh7QyF3  \"><div class=\"tatsu-text-inner tatsu-align-center  clearfix\" ><style>.tatsu-kGBh7QyF3.tatsu-text-block-wrap .tatsu-text-inner{width: 100%;text-align: center;}<\/style>\n<h4 class=\"mk-box-icon-2-title\">Plan d\u2019Urbanisme et Gestion<\/h4>\n<div class=\"mk-box-icon-2-content\">\n<p>Nous participons dans l\u2019analyse et cr\u00e9ation de Plans d\u2019am\u00e9nagements Urbains, d\u00e9veloppant des environnements d\u00e9j\u00e0 existants, ou proposant des modifications avec nouvel usage et m\u00e9thode de gestion des paysages facilitant ainsi et contribuant \u00e0 de nouvelles croissances ou revitalisation d\u2019espaces urbains consolid\u00e9s ou sur le point de l\u2019\u00eatre. Nous nous chargeons de tout le processus, de la cr\u00e9ation des projets jusqu\u2019au d\u00e9veloppement et ex\u00e9cution qui en d\u00e9coulent.<\/p>\n<\/div>\n<\/div><\/div><\/div><\/div><div class = \"tatsu-column-bg-image-wrap\"><div class = \"tatsu-column-bg-image\" ><\/div><\/div><div class=\"tatsu-overlay tatsu-column-overlay tatsu-animate-none\" ><\/div><\/div><style>.tatsu-row > .tatsu-KLBdOJo6c.tatsu-column{width: 33.33%;}.tatsu-KLBdOJo6c.tatsu-column > .tatsu-column-inner > .tatsu-column-overlay{mix-blend-mode: normal;}.tatsu-KLBdOJo6c > .tatsu-column-inner > .tatsu-top-divider{z-index: 9999;}.tatsu-KLBdOJo6c > .tatsu-column-inner > .tatsu-bottom-divider{z-index: 9999;}.tatsu-KLBdOJo6c > .tatsu-column-inner > .tatsu-left-divider{z-index: 9999;}.tatsu-KLBdOJo6c > .tatsu-column-inner > .tatsu-right-divider{z-index: 9999;}@media only screen and (max-width:1377px) {.tatsu-row > .tatsu-KLBdOJo6c.tatsu-column{width: 33.33%;}}@media only screen and (min-width:768px) and (max-width: 1024px) {.tatsu-row > .tatsu-KLBdOJo6c.tatsu-column{width: 33.33%;}}@media only screen and (max-width: 767px) {.tatsu-row > .tatsu-KLBdOJo6c.tatsu-column{width: 100%;}}<\/style><\/div><div  class=\"tatsu-column  tatsu-bg-overlay tatsu-one-third tatsu-column-image-none tatsu-column-effect-none  tatsu-JtpNnIewMW\"  data-parallax-speed=\"0\" style=\"\"><div class=\"tatsu-column-inner \" ><div class=\"tatsu-column-pad-wrap\"><div class=\"tatsu-column-pad\" ><div  class=\"tatsu-module tatsu-normal-icon tatsu-icon-shortcode align-center tatsu-rJ_npx2x_   \"><style>.tatsu-rJ_npx2x_ .tatsu-icon{background-color: rgba(65,117,5,1);color: #ffffff ;}.tatsu-rJ_npx2x_{border-width: 0px 0px 0px 0px;}<\/style><a href=\"#\"  class=\"tatsu-icon-wrap circle  tatsu-animate    \" data-animation=\"fadeIn\"   aria-label=\"tatsu-icon-pencil1\" data-gdpr-atts={}   ><i class=\"tatsu-icon tatsu-custom-icon tatsu-custom-icon-class tatsu-icon-pencil1 xlarge circle\"  data-animation=\"fadeIn\" data-animation-delay=\"0\"><\/i><\/a><\/div><div  class=\"tatsu-module tatsu-text-block-wrap tatsu-CMETGzVLYQ  \"><div class=\"tatsu-text-inner tatsu-align-center  clearfix\" ><style>.tatsu-CMETGzVLYQ.tatsu-text-block-wrap .tatsu-text-inner{width: 100%;text-align: center;}<\/style>\n<h4 class=\"mk-box-icon-2-title\">Construction et Urbanisation<\/h4>\n<div class=\"mk-box-icon-2-content\">\n<p>Nous d\u00e9veloppons et dirigeons les projets de nouvelle construction, r\u00e9habilitation et\/ou r\u00e9forme, et \u00e9galement les plans d\u2019am\u00e9nagement d\u2019urbanisme et am\u00e9lioration des espaces publics. Nous partons de l\u2019id\u00e9e originale initiale, l\u2019\u00e9tudions et interpr\u00e9tons les besoins du client et y incorporons les exigences techniques ou d\u2019environnement, pour aboutir \u00e0 la meilleure r\u00e9solution du moindre d\u00e9tail constructif. Tout cela avec la mise en place de diff\u00e9rents projets que nous \u00e9tablissons pour d\u00e9battre et \u00e9changer nos id\u00e9es avec le client. Nous entendons tout le processus de construction comme un processus complexe, qui, tout en maintenant la rigueur indispensable, s\u2019enrichie avec les contributions des diff\u00e9rents agents et professionnels de toutes les autres disciplines qui participent \u00e9galement au projet.<\/p>\n<\/div>\n<\/div><\/div><\/div><\/div><div class = \"tatsu-column-bg-image-wrap\"><div class = \"tatsu-column-bg-image\" ><\/div><\/div><div class=\"tatsu-overlay tatsu-column-overlay tatsu-animate-none\" ><\/div><\/div><style>.tatsu-row > .tatsu-JtpNnIewMW.tatsu-column{width: 33.33%;}.tatsu-JtpNnIewMW.tatsu-column > .tatsu-column-inner > .tatsu-column-overlay{mix-blend-mode: normal;}.tatsu-JtpNnIewMW > .tatsu-column-inner > .tatsu-top-divider{z-index: 9999;}.tatsu-JtpNnIewMW > .tatsu-column-inner > .tatsu-bottom-divider{z-index: 9999;}.tatsu-JtpNnIewMW > .tatsu-column-inner > .tatsu-left-divider{z-index: 9999;}.tatsu-JtpNnIewMW > .tatsu-column-inner > .tatsu-right-divider{z-index: 9999;}@media only screen and (max-width:1377px) {.tatsu-row > .tatsu-JtpNnIewMW.tatsu-column{width: 33.33%;}}@media only screen and (min-width:768px) and (max-width: 1024px) {.tatsu-row > .tatsu-JtpNnIewMW.tatsu-column{width: 33.33%;}}@media only screen and (max-width: 767px) {.tatsu-row > .tatsu-JtpNnIewMW.tatsu-column{width: 100%;}}<\/style><\/div><div  class=\"tatsu-column  tatsu-bg-overlay tatsu-one-third tatsu-column-image-none tatsu-column-effect-none  tatsu-PbZ_Hi08lq\"  data-parallax-speed=\"0\" style=\"\"><div class=\"tatsu-column-inner \" ><div class=\"tatsu-column-pad-wrap\"><div class=\"tatsu-column-pad\" ><div  class=\"tatsu-module tatsu-normal-icon tatsu-icon-shortcode align-center tatsu-8J_9Nl3Gz   \"><style>.tatsu-8J_9Nl3Gz .tatsu-icon{background-color: rgba(65,117,5,1);color: #ffffff ;}.tatsu-8J_9Nl3Gz{border-width: 0px 0px 0px 0px;}<\/style><a href=\"#\"  class=\"tatsu-icon-wrap circle  tatsu-animate    \" data-animation=\"fadeIn\"   aria-label=\"tatsu-icon-home\" data-gdpr-atts={}   ><i class=\"tatsu-icon tatsu-custom-icon tatsu-custom-icon-class tatsu-icon-home xlarge circle\"  data-animation=\"fadeIn\" data-animation-delay=\"0\"><\/i><\/a><\/div><div  class=\"tatsu-module tatsu-text-block-wrap tatsu-BRFP23f5F  \"><div class=\"tatsu-text-inner tatsu-align-center  clearfix\" ><style>.tatsu-BRFP23f5F.tatsu-text-block-wrap .tatsu-text-inner{width: 100%;text-align: center;}<\/style>\n<h4 class=\"mk-box-icon-2-title\">Conseil Immobilier et D\u00e9veloppement<\/h4>\n<div class=\"mk-box-icon-2-content\">\n<p>Nous conseillons et accompagnons les promoteurs, commanditaires et op\u00e9rateurs dans tout type de proposition immobili\u00e8re. Nous partons de l\u2019id\u00e9e originale, l\u2019analysons et suivons tout le processus de d\u00e9veloppement du plan d\u2019activit\u00e9, facilitant et \u00e9tablissant la totalit\u00e9 du cadre \u00e9conomique et financier de l\u2019op\u00e9ration, et en dirigeons l\u2019ex\u00e9cution. Nous aimons conseiller, mais surtout nous compromettre avec l\u2019ex\u00e9cution et d\u00e9montrer ainsi la faisabilit\u00e9 de nos propositions.<\/p>\n<\/div>\n<\/div><\/div><\/div><\/div><div class = \"tatsu-column-bg-image-wrap\"><div class = \"tatsu-column-bg-image\" ><\/div><\/div><div class=\"tatsu-overlay tatsu-column-overlay tatsu-animate-none\" ><\/div><\/div><style>.tatsu-row > .tatsu-PbZ_Hi08lq.tatsu-column{width: 33.33%;}.tatsu-PbZ_Hi08lq.tatsu-column > .tatsu-column-inner > .tatsu-column-overlay{mix-blend-mode: normal;}.tatsu-PbZ_Hi08lq > .tatsu-column-inner > .tatsu-top-divider{z-index: 9999;}.tatsu-PbZ_Hi08lq > .tatsu-column-inner > .tatsu-bottom-divider{z-index: 9999;}.tatsu-PbZ_Hi08lq > .tatsu-column-inner > .tatsu-left-divider{z-index: 9999;}.tatsu-PbZ_Hi08lq > .tatsu-column-inner > .tatsu-right-divider{z-index: 9999;}@media only screen and (max-width:1377px) {.tatsu-row > .tatsu-PbZ_Hi08lq.tatsu-column{width: 33.33%;}}@media only screen and (min-width:768px) and (max-width: 1024px) {.tatsu-row > .tatsu-PbZ_Hi08lq.tatsu-column{width: 33.33%;}}@media only screen and (max-width: 767px) {.tatsu-row > .tatsu-PbZ_Hi08lq.tatsu-column{width: 100%;}}<\/style><\/div><\/div><\/div><\/div><div class=\"tatsu-section-background-wrap\"><div class = \"tatsu-section-background\" ><\/div><\/div><div class=\"tatsu-overlay tatsu-section-overlay\"><\/div><style>.tatsu-e_R3qkB8MA .tatsu-section-pad{padding: 65px 0px 90px 0px;}.tatsu-e_R3qkB8MA .tatsu-section-offset-wrap{transform: translateY(-0px);}.tatsu-e_R3qkB8MA > .tatsu-bottom-divider{z-index: 9999;}.tatsu-e_R3qkB8MA > .tatsu-top-divider{z-index: 9999;}.tatsu-e_R3qkB8MA .tatsu-section-overlay{mix-blend-mode: normal;}<\/style><\/div>\n","protected":false},"excerpt":{"rendered":"<p><a href=\"https:\/\/gctarquitectes.com\/fr\/serveis\/\" class=\"exp-read-more exp-read-more-dots\">&#8230;<\/a><\/p>\n","protected":false},"author":3,"featured_media":0,"parent":0,"menu_order":0,"comment_status":"closed","ping_status":"closed","template":"","meta":{"footnotes":""},"class_list":["post-4261","page","type-page","status-publish","hentry"],"_links":{"self":[{"href":"https:\/\/gctarquitectes.com\/fr\/wp-json\/wp\/v2\/pages\/4261","targetHints":{"allow":["GET"]}}],"collection":[{"href":"https:\/\/gctarquitectes.com\/fr\/wp-json\/wp\/v2\/pages"}],"about":[{"href":"https:\/\/gctarquitectes.com\/fr\/wp-json\/wp\/v2\/types\/page"}],"author":[{"embeddable":true,"href":"https:\/\/gctarquitectes.com\/fr\/wp-json\/wp\/v2\/users\/3"}],"replies":[{"embeddable":true,"href":"https:\/\/gctarquitectes.com\/fr\/wp-json\/wp\/v2\/comments?post=4261"}],"version-history":[{"count":5,"href":"https:\/\/gctarquitectes.com\/fr\/wp-json\/wp\/v2\/pages\/4261\/revisions"}],"predecessor-version":[{"id":6595,"href":"https:\/\/gctarquitectes.com\/fr\/wp-json\/wp\/v2\/pages\/4261\/revisions\/6595"}],"wp:attachment":[{"href":"https:\/\/gctarquitectes.com\/fr\/wp-json\/wp\/v2\/media?parent=4261"}],"curies":[{"name":"wp","href":"https:\/\/api.w.org\/{rel}","templated":true}]}}